{"id":298,"date":"2025-03-22T15:14:38","date_gmt":"2025-03-22T12:14:38","guid":{"rendered":"https:\/\/neyazar.com\/?post_type=product&#038;p=298"},"modified":"2025-03-22T15:56:31","modified_gmt":"2025-03-22T12:56:31","slug":"personal-development-atlas-understanding-human-psychology-and-growing","status":"publish","type":"product","link":"https:\/\/neyazar.com\/en_gb\/product\/personal-development-atlas-understanding-human-psychology-and-growing\/","title":{"rendered":"Personal Development Atlas: Understanding Human Psychology and Growing"},"content":{"rendered":"<p class=\"\" data-start=\"35\" data-end=\"363\"><strong data-start=\"35\" data-end=\"104\">Kendini Geli\u015ftirme Atlas\u0131: \u0130nsan Psikolojisini Anlamak ve B\u00fcy\u00fcmek<\/strong> adl\u0131 kitap, insan davran\u0131\u015flar\u0131n\u0131n karma\u015f\u0131kl\u0131klar\u0131yla ilgileniyor musunuz? Duygular\u0131n beklenmedik \u015fekillerde nas\u0131l de\u011fi\u015fti\u011fini merak ediyor musunuz? E\u011fer <strong data-start=\"258\" data-end=\"300\">insan zihninin gizemi sizi b\u00fcy\u00fcl\u00fcyorsa<\/strong>, bu kitap, derin s\u0131rlar\u0131n\u0131 \u00e7\u00f6zmenizi sa\u011flayacak rehberinizdir.<\/p>\n<h3 class=\"\" data-start=\"365\" data-end=\"393\">\u0130\u00e7erikte Neler Bekliyor?<\/h3>\n<ul data-start=\"395\" data-end=\"865\">\n<li class=\"\" data-start=\"395\" data-end=\"525\">\n<p class=\"\" data-start=\"397\" data-end=\"525\"><strong data-start=\"397\" data-end=\"448\">Psikolojik ilkelere dair derinlemesine bilgiler<\/strong> \u2013 D\u00fc\u015f\u00fcncelerimizi ve eylemlerimizi \u015fekillendiren anahtar kavramlar\u0131 anlay\u0131n.<\/p>\n<\/li>\n<li class=\"\" data-start=\"526\" data-end=\"644\">\n<p class=\"\" data-start=\"528\" data-end=\"644\"><strong data-start=\"528\" data-end=\"579\">Duygusal zekan\u0131z\u0131 ve sosyal dinamikleri \u00f6\u011frenin<\/strong> \u2013 \u00d6z fark\u0131ndal\u0131\u011f\u0131n\u0131z\u0131 g\u00fc\u00e7lendirin ve ili\u015fkilerinizi iyile\u015ftirin.<\/p>\n<\/li>\n<li class=\"\" data-start=\"645\" data-end=\"768\">\n<p class=\"\" data-start=\"647\" data-end=\"768\"><strong data-start=\"647\" data-end=\"689\">Stresi y\u00f6netin ve dayan\u0131kl\u0131l\u0131k kazan\u0131n<\/strong> \u2013 Duygular\u0131 dengelemek ve \u00f6zg\u00fcveninizi art\u0131rmak i\u00e7in pratik teknikler \u00f6\u011frenin.<\/p>\n<\/li>\n<li class=\"\" data-start=\"769\" data-end=\"865\">\n<p class=\"\" data-start=\"771\" data-end=\"865\"><strong data-start=\"771\" data-end=\"810\">Zihinsel netlik ve i\u00e7 huzura ula\u015f\u0131n<\/strong> \u2013 B\u00fcy\u00fcme ve uyum odakl\u0131 bir d\u00fc\u015f\u00fcnce yap\u0131s\u0131 geli\u015ftirin.<\/p>\n<\/li>\n<\/ul>\n<h3 class=\"\" data-start=\"867\" data-end=\"886\">Why This Book?<\/h3>\n<ul data-start=\"888\" data-end=\"1146\">\n<li class=\"\" data-start=\"888\" data-end=\"963\">\n<p class=\"\" data-start=\"890\" data-end=\"963\"><strong data-start=\"890\" data-end=\"913\">\u0130nsan zihnini \u00e7\u00f6z\u00fcn<\/strong> \u2013 Kendinizi ve ba\u015fkalar\u0131n\u0131 derinlemesine anlay\u0131n.<\/p>\n<\/li>\n<li class=\"\" data-start=\"964\" data-end=\"1043\">\n<p class=\"\" data-start=\"966\" data-end=\"1043\"><strong data-start=\"966\" data-end=\"997\">Duygusal zekan\u0131z\u0131 y\u00fckseltin<\/strong> \u2013 Zihinsel sa\u011fl\u0131\u011f\u0131 ve \u00f6z y\u00f6netimi geli\u015ftirin.<\/p>\n<\/li>\n<li class=\"\" data-start=\"1044\" data-end=\"1146\">\n<p class=\"\" data-start=\"1046\" data-end=\"1146\"><strong data-start=\"1046\" data-end=\"1092\">Ki\u015fisel ve sosyal ba\u011flant\u0131lar\u0131 g\u00fc\u00e7lendirin<\/strong> \u2013 Duygular\u0131n ve ili\u015fkilerin s\u00f6zc\u00fcks\u00fcz dilini \u00f6\u011frenin.<\/p>\n<\/li>\n<\/ul>\n<p class=\"\" data-start=\"1148\" data-end=\"1315\">Bu kitap <strong data-start=\"1157\" data-end=\"1213\">bilgiden daha fazlas\u0131d\u0131r\u2014d\u00f6n\u00fc\u015ft\u00fcr\u00fcc\u00fc bir yolculuktur<\/strong>. \u0130\u00e7sel d\u00fcnyan\u0131z\u0131 ke\u015ffetmeye, perspektifinizi geli\u015ftirmeye ve s\u00fcrekli b\u00fcy\u00fcmeyi kucaklamaya davet eder.<\/p>\n<p class=\"\" data-start=\"1317\" data-end=\"1396\"><strong data-start=\"1317\" data-end=\"1380\">Hayat\u0131n\u0131z\u0131 de\u011fi\u015ftirecek bu yolculu\u011fa \u00e7\u0131kmaya haz\u0131r m\u0131s\u0131n\u0131z?<\/strong> Bug\u00fcn ba\u015flay\u0131n!<\/p>","protected":false},"excerpt":{"rendered":"<p>Kendini Geli\u015ftirme Atlas\u0131: \u0130nsan Psikolojisini Anlamak ve B\u00fcy\u00fcmek adl\u0131 kitap, insan davran\u0131\u015flar\u0131n\u0131n karma\u015f\u0131kl\u0131klar\u0131yla ilgileniyor musunuz? Duygular\u0131n beklenmedik \u015fekillerde nas\u0131l de\u011fi\u015fti\u011fini merak ediyor [&hellip;]<\/p>\n","protected":false},"featured_media":175,"template":"","meta":[],"product_brand":[],"product_cat":[19],"product_tag":[],"class_list":{"0":"post-298","1":"product","2":"type-product","3":"status-publish","4":"has-post-thumbnail","6":"product_cat-genel","8":"first","9":"instock","10":"shipping-taxable","11":"product-type-external"},"_links":{"self":[{"href":"https:\/\/neyazar.com\/en_gb\/wp-json\/wp\/v2\/product\/298","targetHints":{"allow":["GET"]}}],"collection":[{"href":"https:\/\/neyazar.com\/en_gb\/wp-json\/wp\/v2\/product"}],"about":[{"href":"https:\/\/neyazar.com\/en_gb\/wp-json\/wp\/v2\/types\/product"}],"wp:featuredmedia":[{"embeddable":true,"href":"https:\/\/neyazar.com\/en_gb\/wp-json\/wp\/v2\/media\/175"}],"wp:attachment":[{"href":"https:\/\/neyazar.com\/en_gb\/wp-json\/wp\/v2\/media?parent=298"}],"wp:term":[{"taxonomy":"product_brand","embeddable":true,"href":"https:\/\/neyazar.com\/en_gb\/wp-json\/wp\/v2\/product_brand?post=298"},{"taxonomy":"product_cat","embeddable":true,"href":"https:\/\/neyazar.com\/en_gb\/wp-json\/wp\/v2\/product_cat?post=298"},{"taxonomy":"product_tag","embeddable":true,"href":"https:\/\/neyazar.com\/en_gb\/wp-json\/wp\/v2\/product_tag?post=298"}],"curies":[{"name":"wp","href":"https:\/\/api.w.org\/{rel}","templated":true}]}}