{"id":299,"date":"2025-03-22T15:36:33","date_gmt":"2025-03-22T12:36:33","guid":{"rendered":"https:\/\/neyazar.com\/?post_type=product&#038;p=299"},"modified":"2025-03-22T15:57:19","modified_gmt":"2025-03-22T12:57:19","slug":"connections-with-money-unlocking-the-secrets-of-happiness","status":"publish","type":"product","link":"https:\/\/neyazar.com\/en_gb\/product\/connections-with-money-unlocking-the-secrets-of-happiness\/","title":{"rendered":"Connections with Money: Unlocking the Secrets of Happiness"},"content":{"rendered":"<p class=\"\" data-start=\"35\" data-end=\"152\"><strong data-start=\"35\" data-end=\"152\">Para, sadece say\u0131lardan ibaret de\u011fildir\u2014duygular\u0131m\u0131z, ili\u015fkilerimiz ve genel sa\u011fl\u0131\u011f\u0131m\u0131zla derinden ba\u011flant\u0131l\u0131d\u0131r.<\/strong><\/p>\n<p class=\"\" data-start=\"154\" data-end=\"503\"><strong data-start=\"154\" data-end=\"185\">&#8220;Para ve \u0130\u00e7sel Ba\u011flant\u0131lar&#8221;<\/strong> kitab\u0131nda, finansal kararlar\u0131n yaln\u0131zca banka hesab\u0131n\u0131z\u0131 de\u011fil, ayn\u0131 zamanda <strong data-start=\"263\" data-end=\"320\">zihniyetinizi, ili\u015fkilerinizi ve ki\u015fisel geli\u015fiminizi<\/strong> nas\u0131l \u015fekillendirdi\u011fini ke\u015ffedeceksiniz. Bu kitap, paraya sadece hayatta kalma arac\u0131 olarak de\u011fil, <strong data-start=\"420\" data-end=\"444\">mutluluk ve \u00f6z ke\u015fif<\/strong> ile i\u00e7 i\u00e7e ge\u00e7mi\u015f g\u00fc\u00e7l\u00fc bir g\u00fc\u00e7 olarak bakman\u0131z\u0131 sa\u011fl\u0131yor.<\/p>\n<h3 class=\"\" data-start=\"505\" data-end=\"530\">Bu Kitapta Neler Var?<\/h3>\n<ul data-start=\"532\" data-end=\"930\">\n<li class=\"\" data-start=\"532\" data-end=\"643\">\n<p class=\"\" data-start=\"534\" data-end=\"643\"><strong data-start=\"534\" data-end=\"554\">Para ve Ki\u015filik:<\/strong> Finansal al\u0131\u015fkanl\u0131klar\u0131n\u0131z\u0131n de\u011ferlerinizi ve inan\u00e7lar\u0131n\u0131z\u0131 nas\u0131l yans\u0131tt\u0131\u011f\u0131n\u0131 ke\u015ffedin.<\/p>\n<\/li>\n<li class=\"\" data-start=\"644\" data-end=\"745\">\n<p class=\"\" data-start=\"646\" data-end=\"745\"><strong data-start=\"646\" data-end=\"686\">\u0130\u00e7sel Zenginlik vs. Maddi Zenginlik:<\/strong> Finansal ba\u015far\u0131 ile ki\u015fisel tatmini dengelemenin anahtar\u0131.<\/p>\n<\/li>\n<li class=\"\" data-start=\"746\" data-end=\"831\">\n<p class=\"\" data-start=\"748\" data-end=\"831\"><strong data-start=\"748\" data-end=\"775\">Mutlulu\u011fun Psikolojisi:<\/strong> Para ve sa\u011fl\u0131\u011f\u0131n\u0131z aras\u0131ndaki duygusal ba\u011flar\u0131 anlamak.<\/p>\n<\/li>\n<li class=\"\" data-start=\"832\" data-end=\"930\">\n<p class=\"\" data-start=\"834\" data-end=\"930\"><strong data-start=\"834\" data-end=\"879\">Finansal Okuryazarl\u0131k ve Ki\u015fisel Geli\u015fim:<\/strong> Paray\u0131 y\u00f6netmeyi \u00f6\u011frenerek hayat\u0131n\u0131z\u0131 g\u00fc\u00e7lendirme.<\/p>\n<\/li>\n<\/ul>\n<h3 class=\"\" data-start=\"932\" data-end=\"965\">Neden Bu Kitab\u0131 Okumal\u0131s\u0131n\u0131z?<\/h3>\n<ul data-start=\"967\" data-end=\"1474\">\n<li class=\"\" data-start=\"967\" data-end=\"1086\">\n<p class=\"\" data-start=\"969\" data-end=\"1086\"><strong data-start=\"969\" data-end=\"999\">Perspektifinizi De\u011fi\u015ftirin<\/strong> \u2013 Paran\u0131n d\u00fc\u015f\u00fcncelerinizi, se\u00e7imlerinizi ve duygular\u0131n\u0131z\u0131 nas\u0131l etkiledi\u011fini ke\u015ffedin.<\/p>\n<\/li>\n<li class=\"\" data-start=\"1087\" data-end=\"1193\">\n<p class=\"\" data-start=\"1089\" data-end=\"1193\"><strong data-start=\"1089\" data-end=\"1118\">Ger\u00e7ek Mutlulu\u011fu Ke\u015ffedin<\/strong> \u2013 Finansal istikrar\u0131n ve i\u00e7 huzurun nas\u0131l el birli\u011fiyle gitti\u011fini \u00f6\u011frenin.<\/p>\n<\/li>\n<li class=\"\" data-start=\"1194\" data-end=\"1287\">\n<p class=\"\" data-start=\"1196\" data-end=\"1287\"><strong data-start=\"1196\" data-end=\"1225\">Finansal Bilgelik Kazan\u0131n<\/strong> \u2013 De\u011ferleriniz ve ya\u015fam hedeflerinizle uyumlu kararlar verin.<\/p>\n<\/li>\n<li class=\"\" data-start=\"1288\" data-end=\"1474\">\n<p class=\"\" data-start=\"1290\" data-end=\"1474\"><strong data-start=\"1290\" data-end=\"1365\">Ger\u00e7ek zenginlik sadece say\u0131larla ilgili de\u011fildir\u2014zihniyetle ilgilidir.<\/strong> Bu kitap, parayla ili\u015fkinizi yeniden tan\u0131mlayarak sizi daha zengin ve tatmin edici bir hayata y\u00f6nlendirecek.<\/p>\n<\/li>\n<\/ul>\n<p class=\"\" data-start=\"1476\" data-end=\"1644\"><strong data-start=\"1476\" data-end=\"1644\">Zenginlik ve mutluluk aras\u0131ndaki derin ba\u011flant\u0131y\u0131 ke\u015ffetmeye haz\u0131r m\u0131s\u0131n\u0131z? Bug\u00fcn kopyan\u0131z\u0131 al\u0131n ve finansal ve duygusal iyilik haline giden yolculu\u011funuza ba\u015flay\u0131n!<\/strong><\/p>","protected":false},"excerpt":{"rendered":"<p>Para, sadece say\u0131lardan ibaret de\u011fildir\u2014duygular\u0131m\u0131z, ili\u015fkilerimiz ve genel sa\u011fl\u0131\u011f\u0131m\u0131zla derinden ba\u011flant\u0131l\u0131d\u0131r. &#8220;Para ve \u0130\u00e7sel Ba\u011flant\u0131lar&#8221; kitab\u0131nda, finansal kararlar\u0131n yaln\u0131zca banka hesab\u0131n\u0131z\u0131 de\u011fil, [&hellip;]<\/p>\n","protected":false},"featured_media":174,"template":"","meta":[],"product_brand":[],"product_cat":[19],"product_tag":[],"class_list":{"0":"post-299","1":"product","2":"type-product","3":"status-publish","4":"has-post-thumbnail","6":"product_cat-genel","8":"first","9":"instock","10":"shipping-taxable","11":"product-type-external"},"_links":{"self":[{"href":"https:\/\/neyazar.com\/en_gb\/wp-json\/wp\/v2\/product\/299","targetHints":{"allow":["GET"]}}],"collection":[{"href":"https:\/\/neyazar.com\/en_gb\/wp-json\/wp\/v2\/product"}],"about":[{"href":"https:\/\/neyazar.com\/en_gb\/wp-json\/wp\/v2\/types\/product"}],"wp:featuredmedia":[{"embeddable":true,"href":"https:\/\/neyazar.com\/en_gb\/wp-json\/wp\/v2\/media\/174"}],"wp:attachment":[{"href":"https:\/\/neyazar.com\/en_gb\/wp-json\/wp\/v2\/media?parent=299"}],"wp:term":[{"taxonomy":"product_brand","embeddable":true,"href":"https:\/\/neyazar.com\/en_gb\/wp-json\/wp\/v2\/product_brand?post=299"},{"taxonomy":"product_cat","embeddable":true,"href":"https:\/\/neyazar.com\/en_gb\/wp-json\/wp\/v2\/product_cat?post=299"},{"taxonomy":"product_tag","embeddable":true,"href":"https:\/\/neyazar.com\/en_gb\/wp-json\/wp\/v2\/product_tag?post=299"}],"curies":[{"name":"wp","href":"https:\/\/api.w.org\/{rel}","templated":true}]}}