{"id":301,"date":"2025-03-22T15:38:20","date_gmt":"2025-03-22T12:38:20","guid":{"rendered":"https:\/\/neyazar.com\/?post_type=product&#038;p=301"},"modified":"2025-03-22T15:57:42","modified_gmt":"2025-03-22T12:57:42","slug":"guide-to-success-the-trilogy-of-motivation-discipline-and-consistency","status":"publish","type":"product","link":"https:\/\/neyazar.com\/en_gb\/product\/guide-to-success-the-trilogy-of-motivation-discipline-and-consistency\/","title":{"rendered":"Guide to Success: The Trilogy of Motivation, Discipline, and Consistency"},"content":{"rendered":"<p class=\"\" data-start=\"28\" data-end=\"104\"><strong data-start=\"28\" data-end=\"104\">Tam Potansiyelinizi Ke\u015ffedin ve Ba\u015far\u0131n\u0131n \u00dc\u00e7 Temel Dire\u011fini Master Edin!<\/strong><\/p>\n<p class=\"\" data-start=\"106\" data-end=\"366\">Ger\u00e7ek ba\u015far\u0131, sadece yetenek veya \u015fansla ilgili de\u011fildir\u2014<strong data-start=\"164\" data-end=\"202\">motivasyon, disiplin ve tutarl\u0131l\u0131k<\/strong> \u00fczerine in\u015fa edilir. Bu kitap, ki\u015fisel ve profesyonel geli\u015fiminiz i\u00e7in <strong data-start=\"274\" data-end=\"292\">son rehberiniz<\/strong>, engelleri a\u015fman\u0131za ve ba\u015far\u0131 dolu bir ya\u015fam yaratman\u0131za yard\u0131mc\u0131 olacak.<\/p>\n<h3 class=\"\" data-start=\"368\" data-end=\"387\">Why This Book?<\/h3>\n<ul data-start=\"389\" data-end=\"1145\">\n<li class=\"\" data-start=\"389\" data-end=\"676\">\n<p class=\"\" data-start=\"391\" data-end=\"676\"><strong data-start=\"391\" data-end=\"418\">Motivasyonu Master Edin<\/strong> \u2013 <strong data-start=\"421\" data-end=\"450\">Durmaks\u0131z\u0131n i\u00e7sel bir g\u00fc\u00e7<\/strong> nas\u0131l ate\u015flenir ve zorluklarla kar\u015f\u0131la\u015ft\u0131\u011f\u0131n\u0131zda odaklanmay\u0131 nas\u0131l s\u00fcrd\u00fcrebilirsiniz? Ger\u00e7ek ya\u015fam ba\u015far\u0131 hikayeleriyle dolu bu kitap, <strong data-start=\"586\" data-end=\"664\">tutkunuzu nas\u0131l harekete ge\u00e7irece\u011finizi ve bunu aksiyona d\u00f6n\u00fc\u015ft\u00fcrece\u011finizi<\/strong> g\u00f6sterecek.<\/p>\n<\/li>\n<li class=\"\" data-start=\"680\" data-end=\"955\">\n<p class=\"\" data-start=\"682\" data-end=\"955\"><strong data-start=\"682\" data-end=\"714\">Sars\u0131lmaz Disiplin Olu\u015fturun<\/strong> \u2013 Ba\u015far\u0131 sadece hedef belirlemekle ilgili de\u011fildir\u2014bu, onlar\u0131 ger\u00e7ekle\u015ftirmekle ilgilidir. <strong data-start=\"806\" data-end=\"860\">\u00d6z disiplin geli\u015ftirmek i\u00e7in kan\u0131tlanm\u0131\u015f teknikler<\/strong> ke\u015ffedin, dikkat da\u011f\u0131t\u0131c\u0131 unsurlar\u0131 ortadan kald\u0131r\u0131n ve yolculu\u011funuza kararl\u0131l\u0131kla devam edin.<\/p>\n<\/li>\n<li class=\"\" data-start=\"959\" data-end=\"1145\">\n<p class=\"\" data-start=\"961\" data-end=\"1145\"><strong data-start=\"961\" data-end=\"993\">Tutarl\u0131l\u0131\u011f\u0131n G\u00fcc\u00fcn\u00fc Kullan\u0131n<\/strong> \u2013 Ger\u00e7ek d\u00f6n\u00fc\u015f\u00fcm, zaman i\u00e7inde <strong data-start=\"1025\" data-end=\"1041\">s\u00fcrekli \u00e7aba<\/strong> ile gelir. <strong data-start=\"1053\" data-end=\"1136\">Yolda kalmak, aksilikleri a\u015fmak ve uzun vadeli ba\u015far\u0131 yaratmak i\u00e7in stratejiler<\/strong> \u00f6\u011frenin.<\/p>\n<\/li>\n<\/ul>\n<h3 class=\"\" data-start=\"1147\" data-end=\"1170\">\u0130\u00e7erikte Neler Var?<\/h3>\n<ul data-start=\"1172\" data-end=\"1689\">\n<li class=\"\" data-start=\"1172\" data-end=\"1266\">\n<p class=\"\" data-start=\"1174\" data-end=\"1266\"><strong data-start=\"1174\" data-end=\"1194\">Kendini Ke\u015ffetme<\/strong> \u2013 <strong data-start=\"1197\" data-end=\"1221\">Ger\u00e7ek de\u011ferlerinizi<\/strong> belirleyin ve gizli g\u00fcc\u00fcn\u00fcz\u00fc ortaya \u00e7\u0131kar\u0131n.<\/p>\n<\/li>\n<li class=\"\" data-start=\"1270\" data-end=\"1353\">\n<p class=\"\" data-start=\"1272\" data-end=\"1353\"><strong data-start=\"1272\" data-end=\"1297\">Motivasyon Taktikleri<\/strong> \u2013 Zorluklar\u0131n \u00fcstesinden gelin ve ivmenizi canl\u0131 tutun.<\/p>\n<\/li>\n<li class=\"\" data-start=\"1357\" data-end=\"1462\">\n<p class=\"\" data-start=\"1359\" data-end=\"1462\"><strong data-start=\"1359\" data-end=\"1380\">Disiplin ve Rutin<\/strong> \u2013 <strong data-start=\"1383\" data-end=\"1424\">Hayat\u0131n\u0131z\u0131 de\u011fi\u015ftirecek al\u0131\u015fkanl\u0131klar<\/strong> geli\u015ftirin ve kal\u0131c\u0131 ba\u015far\u0131ya ula\u015f\u0131n.<\/p>\n<\/li>\n<li class=\"\" data-start=\"1466\" data-end=\"1568\">\n<p class=\"\" data-start=\"1468\" data-end=\"1568\"><strong data-start=\"1468\" data-end=\"1502\">\u0130lham Verici Ba\u015far\u0131 Hikayeleri<\/strong> \u2013 Ger\u00e7ek d\u00fcnya \u00f6rneklerinden \u00f6\u011frenin ve kendi yolunuzu olu\u015fturun.<\/p>\n<\/li>\n<li class=\"\" data-start=\"1572\" data-end=\"1689\">\n<p class=\"\" data-start=\"1574\" data-end=\"1689\"><strong data-start=\"1574\" data-end=\"1616\">Ba\u015far\u0131s\u0131zl\u0131klar\u0131 Zaferlere D\u00f6n\u00fc\u015ft\u00fcrmek<\/strong> \u2013 Aksiliklerin nas\u0131l b\u00fcy\u00fcmeyi ve dayan\u0131kl\u0131l\u0131\u011f\u0131 art\u0131rabilece\u011fini anlay\u0131n.<\/p>\n<\/li>\n<\/ul>\n<p class=\"\" data-start=\"1691\" data-end=\"1865\">E\u011fer <strong data-start=\"1696\" data-end=\"1790\">zihniyetinizi d\u00f6n\u00fc\u015ft\u00fcrmeye, hedeflerinizi ba\u015farmaya ve kal\u0131c\u0131 ba\u015far\u0131ya ula\u015fmaya haz\u0131rsan\u0131z<\/strong>, bu kitap tam size g\u00f6re. Yolculuk \u015fimdi ba\u015fl\u0131yor\u2014<strong data-start=\"1840\" data-end=\"1865\">ilk ad\u0131m\u0131 bug\u00fcn at\u0131n!<\/strong><\/p>","protected":false},"excerpt":{"rendered":"<p>Tam Potansiyelinizi Ke\u015ffedin ve Ba\u015far\u0131n\u0131n \u00dc\u00e7 Temel Dire\u011fini Master Edin! Ger\u00e7ek ba\u015far\u0131, sadece yetenek veya \u015fansla ilgili de\u011fildir\u2014motivasyon, disiplin ve tutarl\u0131l\u0131k \u00fczerine [&hellip;]<\/p>\n","protected":false},"featured_media":302,"template":"","meta":[],"product_brand":[],"product_cat":[19],"product_tag":[],"class_list":{"0":"post-301","1":"product","2":"type-product","3":"status-publish","4":"has-post-thumbnail","6":"product_cat-genel","8":"first","9":"instock","10":"shipping-taxable","11":"product-type-external"},"_links":{"self":[{"href":"https:\/\/neyazar.com\/en_gb\/wp-json\/wp\/v2\/product\/301","targetHints":{"allow":["GET"]}}],"collection":[{"href":"https:\/\/neyazar.com\/en_gb\/wp-json\/wp\/v2\/product"}],"about":[{"href":"https:\/\/neyazar.com\/en_gb\/wp-json\/wp\/v2\/types\/product"}],"wp:featuredmedia":[{"embeddable":true,"href":"https:\/\/neyazar.com\/en_gb\/wp-json\/wp\/v2\/media\/302"}],"wp:attachment":[{"href":"https:\/\/neyazar.com\/en_gb\/wp-json\/wp\/v2\/media?parent=301"}],"wp:term":[{"taxonomy":"product_brand","embeddable":true,"href":"https:\/\/neyazar.com\/en_gb\/wp-json\/wp\/v2\/product_brand?post=301"},{"taxonomy":"product_cat","embeddable":true,"href":"https:\/\/neyazar.com\/en_gb\/wp-json\/wp\/v2\/product_cat?post=301"},{"taxonomy":"product_tag","embeddable":true,"href":"https:\/\/neyazar.com\/en_gb\/wp-json\/wp\/v2\/product_tag?post=301"}],"curies":[{"name":"wp","href":"https:\/\/api.w.org\/{rel}","templated":true}]}}