{"id":304,"date":"2025-03-22T15:43:32","date_gmt":"2025-03-22T12:43:32","guid":{"rendered":"https:\/\/neyazar.com\/?post_type=product&#038;p=304"},"modified":"2025-03-22T15:58:29","modified_gmt":"2025-03-22T12:58:29","slug":"how-to-win-without-fighting-psychological-superiority-and-victory","status":"publish","type":"product","link":"https:\/\/neyazar.com\/en_gb\/product\/how-to-win-without-fighting-psychological-superiority-and-victory\/","title":{"rendered":"How to Win Without Fighting: Psychological Superiority and Victory"},"content":{"rendered":"<p class=\"\" data-start=\"28\" data-end=\"78\"><strong data-start=\"28\" data-end=\"78\">Zihnin G\u00fcc\u00fcn\u00fc Y\u00f6netin\u2014\u00c7at\u0131\u015fma Olmadan Kazan\u0131n!<\/strong><\/p>\n<p class=\"\" data-start=\"80\" data-end=\"364\">Ger\u00e7ek zafer, ba\u015fkalar\u0131n\u0131 yenmekle ilgili de\u011fildir\u2014kendini y\u00f6netmekle ilgilidir. <strong data-start=\"161\" data-end=\"191\">&#8220;\u00c7at\u0131\u015fma Olmadan Kazanmak&#8221;<\/strong> kitab\u0131, <strong data-start=\"200\" data-end=\"255\">psikolojik g\u00fc\u00e7, stratejik d\u00fc\u015f\u00fcnme ve i\u00e7sel direncin<\/strong> s\u0131rlar\u0131n\u0131 a\u00e7\u0131\u011fa \u00e7\u0131kararak, gereksiz m\u00fccadeleler ya\u015famadan hayatta nas\u0131l \u00fcst\u00fcnl\u00fck sa\u011flayaca\u011f\u0131n\u0131z\u0131 g\u00f6steriyor.<\/p>\n<h3 class=\"\" data-start=\"366\" data-end=\"385\">Why This Book?<\/h3>\n<ul data-start=\"387\" data-end=\"1193\">\n<li class=\"\" data-start=\"387\" data-end=\"551\">\n<p class=\"\" data-start=\"389\" data-end=\"551\"><strong data-start=\"389\" data-end=\"410\">Zihinsel \u00dcst\u00fcnl\u00fck<\/strong> \u2013 <strong data-start=\"413\" data-end=\"435\">Sars\u0131lmaz \u00f6z g\u00fcven<\/strong> geli\u015ftirmeyi ve herhangi bir durumda avantaj elde etmek i\u00e7in psikolojik stratejileri nas\u0131l kullanaca\u011f\u0131n\u0131z\u0131 \u00f6\u011frenin.<\/p>\n<\/li>\n<li class=\"\" data-start=\"555\" data-end=\"757\">\n<p class=\"\" data-start=\"557\" data-end=\"757\"><strong data-start=\"557\" data-end=\"579\">\u0130\u00e7sel Zaferin G\u00fcc\u00fc<\/strong> \u2013 Ba\u015far\u0131 i\u00e7ten ba\u015flar. Bu kitap, <strong data-start=\"613\" data-end=\"681\">\u00f6z disiplin, duygusal zek\u00e2 ve direncinizi g\u00fc\u00e7lendirme teknikleri<\/strong> ile hayat\u0131n en b\u00fcy\u00fck m\u00fccadelelerini zahmetsizce kazanman\u0131za rehberlik eder.<\/p>\n<\/li>\n<li class=\"\" data-start=\"761\" data-end=\"1002\">\n<p class=\"\" data-start=\"763\" data-end=\"1002\"><strong data-start=\"763\" data-end=\"792\">Kriz Y\u00f6netimi ve Sakinlik<\/strong> \u2013 En zor ko\u015fullarda bile sakin kalmay\u0131, so\u011fukkanl\u0131l\u0131\u011f\u0131n\u0131z\u0131 korumay\u0131 ve kontrol\u00fc elinizde tutmay\u0131 nas\u0131l ba\u015faraca\u011f\u0131n\u0131z\u0131 ke\u015ffedin. <strong data-start=\"921\" data-end=\"969\">Stratejik karar verme ve duygusal disiplinle<\/strong> engelleri f\u0131rsatlara d\u00f6n\u00fc\u015ft\u00fcr\u00fcn.<\/p>\n<\/li>\n<li class=\"\" data-start=\"1004\" data-end=\"1193\">\n<p class=\"\" data-start=\"1006\" data-end=\"1193\"><strong data-start=\"1006\" data-end=\"1034\">Ge\u00e7mi\u015ften Al\u0131nan Dersler<\/strong> \u2013 <strong data-start=\"1037\" data-end=\"1118\">Ge\u00e7mi\u015f deneyimlerinizi ki\u015fisel b\u00fcy\u00fcme i\u00e7in nas\u0131l yak\u0131t olarak kullanaca\u011f\u0131n\u0131z\u0131<\/strong> \u00f6\u011frenin ve ba\u015far\u0131s\u0131zl\u0131klar\u0131 ba\u015far\u0131ya giden ad\u0131mlara d\u00f6n\u00fc\u015ft\u00fcrmeyi ke\u015ffedin.<\/p>\n<\/li>\n<\/ul>\n<h3 class=\"\" data-start=\"1195\" data-end=\"1220\">Neler Kazanacaks\u0131n\u0131z?<\/h3>\n<ul data-start=\"1222\" data-end=\"1500\">\n<li class=\"\" data-start=\"1222\" data-end=\"1291\">\n<p class=\"\" data-start=\"1224\" data-end=\"1291\">Bask\u0131 alt\u0131nda <strong data-start=\"1238\" data-end=\"1282\">sakin kalma ve so\u011fukkanl\u0131l\u0131\u011f\u0131n\u0131z\u0131 koruma<\/strong> yetene\u011fi<\/p>\n<\/li>\n<li class=\"\" data-start=\"1295\" data-end=\"1353\">\n<p class=\"\" data-start=\"1297\" data-end=\"1353\">Son derece ba\u015far\u0131l\u0131 insanlar\u0131n <strong data-start=\"1328\" data-end=\"1353\">psikolojik taktikleri<\/strong><\/p>\n<\/li>\n<li class=\"\" data-start=\"1355\" data-end=\"1408\">\n<p class=\"\" data-start=\"1357\" data-end=\"1408\"><strong data-start=\"1357\" data-end=\"1395\">Gereksiz \u00e7at\u0131\u015fma ya\u015famadan kazanma<\/strong> stratejileri<\/p>\n<\/li>\n<li class=\"\" data-start=\"1410\" data-end=\"1460\">\n<p class=\"\" data-start=\"1412\" data-end=\"1460\"><strong data-start=\"1412\" data-end=\"1447\">Zorluklar\u0131 zaferlere d\u00f6n\u00fc\u015ft\u00fcren<\/strong> bir zihniyet<\/p>\n<\/li>\n<li class=\"\" data-start=\"1462\" data-end=\"1500\">\n<p class=\"\" data-start=\"1464\" data-end=\"1500\"><strong data-start=\"1464\" data-end=\"1491\">Hayat\u0131n\u0131z\u0131 kontrol etme<\/strong> \u00f6zg\u00fcveni<\/p>\n<\/li>\n<\/ul>\n<p class=\"\" data-start=\"1502\" data-end=\"1670\"><strong data-start=\"1502\" data-end=\"1527\">Zafer i\u00e7in i\u00e7indesin!<\/strong> <strong data-start=\"1528\" data-end=\"1558\">&#8220;\u00c7at\u0131\u015fma Olmadan Kazanmak&#8221;<\/strong> kitab\u0131, <strong data-start=\"1567\" data-end=\"1604\">ba\u015far\u0131y\u0131, sayg\u0131y\u0131 ve i\u00e7sel huzuru<\/strong> nas\u0131l elde edece\u011finizi g\u00f6steriyor\u2014gereksiz m\u00fccadelelere girmeden.<\/p>\n<p class=\"\" data-start=\"1672\" data-end=\"1776\"><strong data-start=\"1672\" data-end=\"1715\">Zafer sanat\u0131n\u0131 \u00f6\u011frenmeye haz\u0131r m\u0131s\u0131n\u0131z?<\/strong> Bug\u00fcn kitab\u0131n\u0131z\u0131 al\u0131n ve tam potansiyelinizi a\u00e7\u0131\u011fa \u00e7\u0131kar\u0131n!<\/p>","protected":false},"excerpt":{"rendered":"<p>Zihnin G\u00fcc\u00fcn\u00fc Y\u00f6netin\u2014\u00c7at\u0131\u015fma Olmadan Kazan\u0131n! Ger\u00e7ek zafer, ba\u015fkalar\u0131n\u0131 yenmekle ilgili de\u011fildir\u2014kendini y\u00f6netmekle ilgilidir. &#8220;\u00c7at\u0131\u015fma Olmadan Kazanmak&#8221; kitab\u0131, psikolojik g\u00fc\u00e7, stratejik d\u00fc\u015f\u00fcnme ve [&hellip;]<\/p>\n","protected":false},"featured_media":305,"template":"","meta":[],"product_brand":[],"product_cat":[19],"product_tag":[],"class_list":{"0":"post-304","1":"product","2":"type-product","3":"status-publish","4":"has-post-thumbnail","6":"product_cat-genel","8":"first","9":"instock","10":"shipping-taxable","11":"product-type-external"},"_links":{"self":[{"href":"https:\/\/neyazar.com\/en_gb\/wp-json\/wp\/v2\/product\/304","targetHints":{"allow":["GET"]}}],"collection":[{"href":"https:\/\/neyazar.com\/en_gb\/wp-json\/wp\/v2\/product"}],"about":[{"href":"https:\/\/neyazar.com\/en_gb\/wp-json\/wp\/v2\/types\/product"}],"wp:featuredmedia":[{"embeddable":true,"href":"https:\/\/neyazar.com\/en_gb\/wp-json\/wp\/v2\/media\/305"}],"wp:attachment":[{"href":"https:\/\/neyazar.com\/en_gb\/wp-json\/wp\/v2\/media?parent=304"}],"wp:term":[{"taxonomy":"product_brand","embeddable":true,"href":"https:\/\/neyazar.com\/en_gb\/wp-json\/wp\/v2\/product_brand?post=304"},{"taxonomy":"product_cat","embeddable":true,"href":"https:\/\/neyazar.com\/en_gb\/wp-json\/wp\/v2\/product_cat?post=304"},{"taxonomy":"product_tag","embeddable":true,"href":"https:\/\/neyazar.com\/en_gb\/wp-json\/wp\/v2\/product_tag?post=304"}],"curies":[{"name":"wp","href":"https:\/\/api.w.org\/{rel}","templated":true}]}}