{"id":306,"date":"2025-03-22T15:45:52","date_gmt":"2025-03-22T12:45:52","guid":{"rendered":"https:\/\/neyazar.com\/?post_type=product&#038;p=306"},"modified":"2025-03-22T15:46:44","modified_gmt":"2025-03-22T12:46:44","slug":"sigma-men-explore-the-perception-of-masculinity","status":"publish","type":"product","link":"https:\/\/neyazar.com\/en_gb\/product\/sigma-men-explore-the-perception-of-masculinity\/","title":{"rendered":"Sigma Men: Explore the Perception of Masculinity"},"content":{"rendered":"<p class=\"\" data-start=\"28\" data-end=\"209\"><strong data-start=\"28\" data-end=\"209\">D\u00fcnyada kaos ve g\u00fcr\u00fclt\u00fc i\u00e7inde Sigma Erkeklerini ne tan\u0131mlar? Onlar\u0131n ba\u011f\u0131ms\u0131zl\u0131klar\u0131, \u00f6zg\u00fcrl\u00fckleri ve toplumsal beklentilere kay\u0131ts\u0131zl\u0131klar\u0131n\u0131n arkas\u0131ndaki g\u00fc\u00e7 nedir?\u00a0<\/strong><\/p>\n<p class=\"\" data-start=\"211\" data-end=\"524\">Bu kitap, <strong data-start=\"221\" data-end=\"261\">Sigma Erkeklerinin gizemli d\u00fcnyas\u0131na<\/strong> <strong data-start=\"262\" data-end=\"284\">yak\u0131ndan bir bak\u0131\u015f<\/strong> sunuyor\u2014kendi kurallar\u0131na g\u00f6re ya\u015famay\u0131 ba\u015farm\u0131\u015f, toplumsal normlar\u0131 reddeden bireyler. <strong data-start=\"373\" data-end=\"406\">Psikolojilerine, ili\u015fkilerine<\/strong> ve <strong data-start=\"410\" data-end=\"435\">tarihsel ba\u011flamlar\u0131na<\/strong> derinlemesine inerek, toplum \u00fczerindeki etkilerine dair yeni bir bak\u0131\u015f a\u00e7\u0131s\u0131 sunuyor.<\/p>\n<h3 class=\"\" data-start=\"526\" data-end=\"552\"><strong data-start=\"530\" data-end=\"552\">\u0130\u00e7erik Ne Sunuyor?<\/strong><\/h3>\n<ul data-start=\"554\" data-end=\"1023\">\n<li class=\"\" data-start=\"554\" data-end=\"672\">\n<p class=\"\" data-start=\"556\" data-end=\"672\"><strong data-start=\"556\" data-end=\"585\">Sigma Zihniyetini Anlamak<\/strong> \u2013 Sigma Erkeklerinin d\u00fc\u015f\u00fcncelerini ve davran\u0131\u015flar\u0131n\u0131 \u015fekillendiren fakt\u00f6rleri \u00f6\u011frenin.<\/p>\n<\/li>\n<li class=\"\" data-start=\"674\" data-end=\"797\">\n<p class=\"\" data-start=\"676\" data-end=\"797\"><strong data-start=\"676\" data-end=\"695\">S\u0131n\u0131rlar\u0131 A\u015fmak<\/strong> \u2013 \u0130li\u015fkileri nas\u0131l yeniden tan\u0131mlad\u0131klar\u0131n\u0131 ve toplumsal normlara nas\u0131l meydan okuduklar\u0131n\u0131 ke\u015ffedin.<\/p>\n<\/li>\n<li class=\"\" data-start=\"799\" data-end=\"910\">\n<p class=\"\" data-start=\"801\" data-end=\"910\"><strong data-start=\"801\" data-end=\"822\">Erkekli\u011fin Evrimi<\/strong> \u2013 Sigma Erkeklerinin, modern d\u00fcnyada erkeklik anlay\u0131\u015f\u0131n\u0131 nas\u0131l \u015fekillendirdi\u011fini g\u00f6r\u00fcn.<\/p>\n<\/li>\n<li class=\"\" data-start=\"912\" data-end=\"1023\">\n<p class=\"\" data-start=\"914\" data-end=\"1023\"><strong data-start=\"914\" data-end=\"938\">Psikolojik \u0130\u00e7g\u00f6r\u00fcler<\/strong> \u2013 Bu bireyleri tan\u0131mlayan benzersiz \u00f6zellikleri ve d\u00fcnyaya olan etkilerini ke\u015ffedin.<\/p>\n<\/li>\n<\/ul>\n<p class=\"\" data-start=\"1025\" data-end=\"1221\">Sigma Erkekleri, <strong data-start=\"1042\" data-end=\"1067\">sessiz devrimcilerdir<\/strong>, \u00f6zg\u00fcrl\u00fck ve erkeklik \u00fczerine bak\u0131\u015f a\u00e7\u0131lar\u0131yla oyunu sessizce de\u011fi\u015ftirenlerdir. <strong data-start=\"1148\" data-end=\"1221\">Bu yolculu\u011fa kat\u0131lmaya ve onlar\u0131n d\u00fcnyas\u0131n\u0131 ke\u015ffetmeye haz\u0131r m\u0131s\u0131n\u0131z?<\/strong><\/p>\n<p class=\"\" data-start=\"1223\" data-end=\"1324\"><strong data-start=\"1223\" data-end=\"1319\">Sigma Erkeklerinin b\u00fcy\u00fcleyici d\u00fcnyas\u0131na ad\u0131m at\u0131n ve erkeklik anlay\u0131\u015f\u0131n\u0131z\u0131 bug\u00fcn geni\u015fletin!<\/strong><\/p>","protected":false},"excerpt":{"rendered":"<p>D\u00fcnyada kaos ve g\u00fcr\u00fclt\u00fc i\u00e7inde Sigma Erkeklerini ne tan\u0131mlar? Onlar\u0131n ba\u011f\u0131ms\u0131zl\u0131klar\u0131, \u00f6zg\u00fcrl\u00fckleri ve toplumsal beklentilere kay\u0131ts\u0131zl\u0131klar\u0131n\u0131n arkas\u0131ndaki g\u00fc\u00e7 nedir?\u00a0 Bu kitap, Sigma [&hellip;]<\/p>\n","protected":false},"featured_media":307,"template":"","meta":[],"product_brand":[],"product_cat":[19],"product_tag":[],"class_list":{"0":"post-306","1":"product","2":"type-product","3":"status-publish","4":"has-post-thumbnail","6":"product_cat-genel","8":"first","9":"instock","10":"shipping-taxable","11":"product-type-external"},"_links":{"self":[{"href":"https:\/\/neyazar.com\/en_gb\/wp-json\/wp\/v2\/product\/306","targetHints":{"allow":["GET"]}}],"collection":[{"href":"https:\/\/neyazar.com\/en_gb\/wp-json\/wp\/v2\/product"}],"about":[{"href":"https:\/\/neyazar.com\/en_gb\/wp-json\/wp\/v2\/types\/product"}],"wp:featuredmedia":[{"embeddable":true,"href":"https:\/\/neyazar.com\/en_gb\/wp-json\/wp\/v2\/media\/307"}],"wp:attachment":[{"href":"https:\/\/neyazar.com\/en_gb\/wp-json\/wp\/v2\/media?parent=306"}],"wp:term":[{"taxonomy":"product_brand","embeddable":true,"href":"https:\/\/neyazar.com\/en_gb\/wp-json\/wp\/v2\/product_brand?post=306"},{"taxonomy":"product_cat","embeddable":true,"href":"https:\/\/neyazar.com\/en_gb\/wp-json\/wp\/v2\/product_cat?post=306"},{"taxonomy":"product_tag","embeddable":true,"href":"https:\/\/neyazar.com\/en_gb\/wp-json\/wp\/v2\/product_tag?post=306"}],"curies":[{"name":"wp","href":"https:\/\/api.w.org\/{rel}","templated":true}]}}