{"id":308,"date":"2025-03-22T15:49:51","date_gmt":"2025-03-22T12:49:51","guid":{"rendered":"https:\/\/neyazar.com\/?post_type=product&#038;p=308"},"modified":"2025-03-22T15:49:51","modified_gmt":"2025-03-22T12:49:51","slug":"the-secrets-and-limits-of-the-brain-unleash-its-true-power","status":"publish","type":"product","link":"https:\/\/neyazar.com\/en_gb\/product\/the-secrets-and-limits-of-the-brain-unleash-its-true-power\/","title":{"rendered":"The Secrets and Limits of the Brain: Unleash Its True Power"},"content":{"rendered":"<p class=\"\" data-start=\"37\" data-end=\"423\">Zihniniz sadece d\u00fc\u015f\u00fcncelerin bir koleksiyonu de\u011fildir\u2014<strong data-start=\"93\" data-end=\"128\">o, elinizdeki en g\u00fc\u00e7l\u00fc ara\u00e7t\u0131r.<\/strong> Her karar, her aksiyon, her ba\u015far\u0131 zihninizde ba\u015flar. <strong data-start=\"183\" data-end=\"251\">Peki, zihninizin t\u00fcm potansiyelini ger\u00e7ekten kullan\u0131yor musunuz?<\/strong> E\u011fer zihninizin s\u0131n\u0131rs\u0131z g\u00fcc\u00fcn\u00fc ke\u015ffetmeye ve gelece\u011finizi kontrol alt\u0131na almaya haz\u0131rsan\u0131z, bu kitap <strong data-start=\"354\" data-end=\"398\">yeni bir olas\u0131l\u0131klar d\u00fcnyas\u0131n\u0131 ke\u015ffetmek<\/strong> i\u00e7in anahtar\u0131n\u0131z olacak.<\/p>\n<h3 class=\"\" data-start=\"425\" data-end=\"467\"><strong data-start=\"429\" data-end=\"467\">Bu Kitapta Neleri Ke\u015ffedeceksiniz?<\/strong><\/h3>\n<p class=\"\" data-start=\"469\" data-end=\"523\"><strong data-start=\"472\" data-end=\"523\">\u00c7\u0131\u011f\u0131r A\u00e7an Bilimsel Ara\u015ft\u0131rmalarla Desteklenmi\u015f<\/strong><\/p>\n<p class=\"\" data-start=\"525\" data-end=\"845\">Bu kitap sadece bir teori y\u0131\u011f\u0131n\u0131 de\u011fil\u2014<strong data-start=\"564\" data-end=\"605\">son teknoloji bilimsel ara\u015ft\u0131rmalarla<\/strong> desteklenmi\u015ftir ve beyninizin ke\u015ffedilmemi\u015f yeteneklerini ortaya \u00e7\u0131kar\u0131r. Zihninizin <strong data-start=\"691\" data-end=\"713\">n\u00f6roplastisitesine<\/strong> derinlemesine dalacak ve beyninizin do\u011fal s\u00fcre\u00e7lerini nas\u0131l optimize edece\u011finizi \u00f6\u011frenerek daha b\u00fcy\u00fck ba\u015far\u0131lara ula\u015fabileceksiniz.<\/p>\n<p class=\"\" data-start=\"847\" data-end=\"894\">\u2714 <strong data-start=\"849\" data-end=\"894\">Beyninizin Gizli Mekanizmalar\u0131n\u0131 Ke\u015ffedin<\/strong><\/p>\n<p class=\"\" data-start=\"896\" data-end=\"1219\">Beyninizi nas\u0131l \u00e7al\u0131\u015ft\u0131\u011f\u0131n\u0131, temel i\u015flevlerinden daha karma\u015f\u0131k s\u00fcre\u00e7lerine kadar ke\u015ffedeceksiniz. <strong data-start=\"994\" data-end=\"1009\">Yarat\u0131c\u0131l\u0131k<\/strong>, <strong data-start=\"1011\" data-end=\"1028\">problem \u00e7\u00f6zme<\/strong> ve <strong data-start=\"1032\" data-end=\"1047\">karar verme<\/strong> gibi becerileri maksimize etmek i\u00e7in sinirsel yollar\u0131 nas\u0131l <strong data-start=\"1108\" data-end=\"1120\">optimize<\/strong> edebilece\u011finizi \u00f6\u011freneceksiniz\u2014hayat\u0131n\u0131z\u0131n her alan\u0131nda <strong data-start=\"1177\" data-end=\"1199\">y\u00fcksek performansa<\/strong> zemin haz\u0131rlayarak.<\/p>\n<p class=\"\" data-start=\"1221\" data-end=\"1270\">\u2714 <strong data-start=\"1223\" data-end=\"1270\">Duygusal Zeka ve Zihinsel Netlik Geli\u015ftirme<\/strong><\/p>\n<p class=\"\" data-start=\"1272\" data-end=\"1634\">Kitap sadece bili\u015fsel yetenekleri de\u011fil, ayn\u0131 zamanda <strong data-start=\"1326\" data-end=\"1347\">duygusal zekan\u0131z\u0131<\/strong> geli\u015ftirmeye odaklan\u0131r\u2014bu, ki\u015fisel ve profesyonel ba\u015far\u0131 i\u00e7in kritik bir fakt\u00f6rd\u00fcr. <strong data-start=\"1432\" data-end=\"1450\">\u00d6z fark\u0131ndal\u0131k<\/strong>, <strong data-start=\"1452\" data-end=\"1462\">empati<\/strong> ve <strong data-start=\"1466\" data-end=\"1488\">duygusal d\u00fczenleme<\/strong> becerilerinizi nas\u0131l keskinle\u015ftirebilece\u011finizi ke\u015ffedecek ve daha sa\u011fl\u0131kl\u0131 ili\u015fkiler ile dengeli, huzurlu bir zihin i\u00e7in ad\u0131mlar atabileceksiniz.<\/p>\n<p class=\"\" data-start=\"1636\" data-end=\"1690\">\u2714 <strong data-start=\"1638\" data-end=\"1690\">Motivasyon, Odak ve Bili\u015fsel Performans\u0131 Art\u0131rma<\/strong><\/p>\n<p class=\"\" data-start=\"1692\" data-end=\"2037\">Erteleme ve dikkat da\u011f\u0131n\u0131kl\u0131\u011f\u0131na elveda deyin. <strong data-start=\"1739\" data-end=\"1767\">Stratejiler ve teknikler<\/strong> sayesinde <strong data-start=\"1778\" data-end=\"1792\">motivasyon<\/strong> ve <strong data-start=\"1796\" data-end=\"1809\">odaklanma<\/strong> becerilerinizi nas\u0131l geli\u015ftirece\u011finizi \u00f6\u011frenerek, daha \u00f6nce hi\u00e7 hayal edemedi\u011finiz bir bili\u015fsel performans seviyesine ula\u015fabileceksiniz. <strong data-start=\"1947\" data-end=\"1966\">S\u00fcrekli aksiyon<\/strong> ve <strong data-start=\"1970\" data-end=\"1994\">durmaks\u0131z\u0131n bir azim<\/strong> sa\u011flayacak bir zihniyet geli\u015ftireceksiniz.<\/p>\n<p class=\"\" data-start=\"2039\" data-end=\"2108\">\u2714 <strong data-start=\"2041\" data-end=\"2108\">Beyin Sa\u011fl\u0131\u011f\u0131 ile Uzun Vadeli Ba\u015far\u0131 Aras\u0131ndaki Kritik Ba\u011flant\u0131<\/strong><\/p>\n<p class=\"\" data-start=\"2110\" data-end=\"2377\">Ba\u015far\u0131, sa\u011fl\u0131kl\u0131 bir zihin olmadan gelmez. Bu kitap, <strong data-start=\"2163\" data-end=\"2183\">beyin sa\u011fl\u0131\u011f\u0131n\u0131n<\/strong> \u00f6nemini vurgular\u2014uyku ve beslenmeden stres y\u00f6netimine kadar. <strong data-start=\"2245\" data-end=\"2269\">Beyninizi beslemenin<\/strong> uzun vadeli ba\u015far\u0131, uzun \u00f6m\u00fcr ve s\u00fcrd\u00fcr\u00fclebilir zirve performans\u0131 i\u00e7in nas\u0131l elzem oldu\u011funu \u00f6\u011freneceksiniz.<\/p>\n<h3 class=\"\" data-start=\"2379\" data-end=\"2426\"><strong data-start=\"2383\" data-end=\"2426\">Bu Kitap Neden Hayat\u0131n\u0131z\u0131 De\u011fi\u015ftirecek?<\/strong><\/h3>\n<p class=\"\" data-start=\"2428\" data-end=\"2481\"><strong data-start=\"2431\" data-end=\"2481\">Bu Sadece Bir Kitap De\u011fil\u2014Bir Zihinsel Devrim!<\/strong><\/p>\n<p class=\"\" data-start=\"2483\" data-end=\"2876\">&#8220;Zihninizin G\u00fcc\u00fcn\u00fc Ke\u015ffedin&#8221;, sadece bir dizi strateji de\u011fil\u2014bu bir <strong data-start=\"2551\" data-end=\"2570\">zihinsel devrim<\/strong>. Bu kitap, zihniniz hakk\u0131nda bildiklerinizi sorgulamaya davet eder ve neler yapabilece\u011fi konusunda sizi yeniden d\u00fc\u015f\u00fcnmeye zorlar. <strong data-start=\"2701\" data-end=\"2751\">Konvansiyonel d\u00fc\u015f\u00fcnce kal\u0131plar\u0131ndan kurtulacak<\/strong>, beyninizi ba\u015far\u0131 i\u00e7in yeniden yap\u0131land\u0131racak ve bir zamanlar eri\u015filemez g\u00f6r\u00fcnen <strong data-start=\"2833\" data-end=\"2854\">yeni olas\u0131l\u0131klar\u0131<\/strong> a\u00e7\u0131\u011fa \u00e7\u0131karacaks\u0131n\u0131z.<\/p>\n<p class=\"\" data-start=\"2878\" data-end=\"2930\"><strong data-start=\"2881\" data-end=\"2930\">Tam Potansiyelinizi Ke\u015ffetmeye Haz\u0131r M\u0131s\u0131n\u0131z?<\/strong><\/p>\n<p class=\"\" data-start=\"2932\" data-end=\"3165\">Zihninizi anlamaya ve ba\u015far\u0131 i\u00e7in yeniden programlamaya ba\u015flama yolculu\u011funuz \u015fimdi ba\u015fl\u0131yor. <strong data-start=\"3025\" data-end=\"3051\">Zihinsel s\u00fcre\u00e7lerinizi<\/strong> kontrol alt\u0131na alarak ve <strong data-start=\"3077\" data-end=\"3101\">beyninizin s\u0131rlar\u0131n\u0131<\/strong> anlayarak, daha \u00f6nce m\u00fcmk\u00fcn olamayacak engelleri a\u015fabilirsiniz.<\/p>\n<p class=\"\" data-start=\"3167\" data-end=\"3362\">Soru \u015fu: <strong data-start=\"3176\" data-end=\"3202\">S\u0131n\u0131rlar\u0131n\u0131z\u0131n \u00f6tesine<\/strong> ge\u00e7meye ve <strong data-start=\"3214\" data-end=\"3257\">insan potansiyelinin ger\u00e7ek s\u0131n\u0131rlar\u0131n\u0131<\/strong> ke\u015ffetmeye haz\u0131r m\u0131s\u0131n\u0131z? Hayat\u0131n\u0131z\u0131 d\u00f6n\u00fc\u015ft\u00fcrme <strong data-start=\"3309\" data-end=\"3336\">g\u00fcc\u00fc sizin ellerinizde.<\/strong> Yolculu\u011fa bug\u00fcn ba\u015flay\u0131n!<\/p>","protected":false},"excerpt":{"rendered":"<p>Zihniniz sadece d\u00fc\u015f\u00fcncelerin bir koleksiyonu de\u011fildir\u2014o, elinizdeki en g\u00fc\u00e7l\u00fc ara\u00e7t\u0131r. Her karar, her aksiyon, her ba\u015far\u0131 zihninizde ba\u015flar. Peki, zihninizin t\u00fcm potansiyelini [&hellip;]<\/p>\n","protected":false},"featured_media":309,"template":"","meta":[],"product_brand":[],"product_cat":[19],"product_tag":[],"class_list":{"0":"post-308","1":"product","2":"type-product","3":"status-publish","4":"has-post-thumbnail","6":"product_cat-genel","8":"first","9":"instock","10":"shipping-taxable","11":"product-type-external"},"_links":{"self":[{"href":"https:\/\/neyazar.com\/en_gb\/wp-json\/wp\/v2\/product\/308","targetHints":{"allow":["GET"]}}],"collection":[{"href":"https:\/\/neyazar.com\/en_gb\/wp-json\/wp\/v2\/product"}],"about":[{"href":"https:\/\/neyazar.com\/en_gb\/wp-json\/wp\/v2\/types\/product"}],"wp:featuredmedia":[{"embeddable":true,"href":"https:\/\/neyazar.com\/en_gb\/wp-json\/wp\/v2\/media\/309"}],"wp:attachment":[{"href":"https:\/\/neyazar.com\/en_gb\/wp-json\/wp\/v2\/media?parent=308"}],"wp:term":[{"taxonomy":"product_brand","embeddable":true,"href":"https:\/\/neyazar.com\/en_gb\/wp-json\/wp\/v2\/product_brand?post=308"},{"taxonomy":"product_cat","embeddable":true,"href":"https:\/\/neyazar.com\/en_gb\/wp-json\/wp\/v2\/product_cat?post=308"},{"taxonomy":"product_tag","embeddable":true,"href":"https:\/\/neyazar.com\/en_gb\/wp-json\/wp\/v2\/product_tag?post=308"}],"curies":[{"name":"wp","href":"https:\/\/api.w.org\/{rel}","templated":true}]}}