{"id":310,"date":"2025-03-22T15:51:56","date_gmt":"2025-03-22T12:51:56","guid":{"rendered":"https:\/\/neyazar.com\/?post_type=product&#038;p=310"},"modified":"2025-03-22T15:51:56","modified_gmt":"2025-03-22T12:51:56","slug":"radiant-living-a-guide-to-optimal-health-nutrition-and-exercise","status":"publish","type":"product","link":"https:\/\/neyazar.com\/en_gb\/product\/radiant-living-a-guide-to-optimal-health-nutrition-and-exercise\/","title":{"rendered":"Radiant Living: A Guide to Optimal Health, Nutrition, and Exercise"},"content":{"rendered":"<p class=\"\" data-start=\"83\" data-end=\"160\"><strong data-start=\"83\" data-end=\"160\">Daha Sa\u011fl\u0131kl\u0131, Daha G\u00fc\u00e7l\u00fc ve Daha Enerjik Bir Hayat\u0131n S\u0131rlar\u0131n\u0131 Ke\u015ffedin!<\/strong><\/p>\n<p class=\"\" data-start=\"162\" data-end=\"526\">Sa\u011fl\u0131\u011f\u0131n\u0131z\u0131n kontrol\u00fcn\u00fc elinize almaya ve kal\u0131c\u0131 pozitif de\u011fi\u015fiklikler yapmaya haz\u0131r m\u0131s\u0131n\u0131z? <strong data-start=\"256\" data-end=\"276\">&#8220;I\u015f\u0131lt\u0131l\u0131 Ya\u015fam&#8221;<\/strong> kitab\u0131, <strong data-start=\"285\" data-end=\"337\">beslenme, egzersiz ve s\u00fcrd\u00fcr\u00fclebilir ya\u015fam tarz\u0131<\/strong> i\u00e7in nihai rehberinizdir. Enerjinizi art\u0131rmak, kilonuzu y\u00f6netmek veya genel sa\u011fl\u0131\u011f\u0131n\u0131z\u0131 geli\u015ftirmek istiyorsan\u0131z, bu kitap size ba\u015far\u0131ya ula\u015fman\u0131z i\u00e7in gereken bilgi ve stratejileri sunar.<\/p>\n<h3 class=\"\" data-start=\"528\" data-end=\"551\"><strong data-start=\"532\" data-end=\"551\">Why This Book?<\/strong><\/h3>\n<p class=\"\" data-start=\"553\" data-end=\"802\"><strong data-start=\"553\" data-end=\"582\">Basitle\u015ftirilmi\u015f Beslenme<\/strong> \u2013 <strong data-start=\"585\" data-end=\"626\">Proteinler, karbonhidratlar ve ya\u011flar<\/strong> aras\u0131ndaki do\u011fru dengeyi, ayr\u0131ca diyetinizdeki vitamin ve minerallerin hayati rol\u00fcn\u00fc anlay\u0131n. Uzun vadeli sa\u011fl\u0131k i\u00e7in bilimsel olarak desteklenmi\u015f beslenme ilkelerini \u00f6\u011frenin.<\/p>\n<p class=\"\" data-start=\"804\" data-end=\"1057\"><strong data-start=\"804\" data-end=\"836\">Etkili Egzersiz Stratejileri<\/strong> \u2013 G\u00fc\u00e7, dayan\u0131kl\u0131l\u0131k ve esnekli\u011fi art\u0131rmak i\u00e7in tasarlanm\u0131\u015f <strong data-start=\"896\" data-end=\"927\">pratik egzersiz rutinlerini<\/strong> ke\u015ffedin. \u0130ster yeni ba\u015flay\u0131n ister deneyimli bir spor tutkunusunuz, bu kitap <strong data-start=\"1006\" data-end=\"1044\">\u00f6zelle\u015ftirilmi\u015f egzersiz \u00f6nerileri<\/strong> sunmaktad\u0131r.<\/p>\n<p class=\"\" data-start=\"1059\" data-end=\"1275\"><strong data-start=\"1059\" data-end=\"1097\">Kilo Y\u00f6netimi ve Ba\u015far\u0131 Hikayeleri<\/strong> \u2013 <strong data-start=\"1100\" data-end=\"1155\">Sa\u011fl\u0131kl\u0131 kilo kayb\u0131 ve s\u00fcrd\u00fcr\u00fclebilir kilo y\u00f6netimi<\/strong> i\u00e7in kan\u0131tlanm\u0131\u015f teknikleri \u00f6\u011frenin. Ger\u00e7ek hayat ba\u015far\u0131 hikayeleriyle motivasyon bulacak ve yolunuza odaklanacaks\u0131n\u0131z.<\/p>\n<p class=\"\" data-start=\"1277\" data-end=\"1530\"><strong data-start=\"1277\" data-end=\"1306\">Ki\u015fisel D\u00f6n\u00fc\u015f\u00fcm Yolculu\u011fu<\/strong> \u2013 G\u00fc\u00e7l\u00fc bir b\u00f6l\u00fcm olan <strong data-start=\"1330\" data-end=\"1350\">&#8220;Ba\u015far\u0131 Hikayem&#8221;<\/strong>, sa\u011fl\u0131kl\u0131 ya\u015fam tarz\u0131n\u0131n nas\u0131l s\u00fcrd\u00fcr\u00fclebilece\u011fine dair birinci elden bir hesap sunar. Wellness al\u0131\u015fkanl\u0131klar\u0131n\u0131 g\u00fcnl\u00fck rutinlerinize nas\u0131l entegre edece\u011finizi ad\u0131m ad\u0131m g\u00f6sterir.<\/p>\n<h3 class=\"\" data-start=\"1532\" data-end=\"1558\"><strong data-start=\"1536\" data-end=\"1558\">Ne \u00d6\u011freneceksiniz?<\/strong><\/h3>\n<ul data-start=\"1560\" data-end=\"1879\">\n<li class=\"\" data-start=\"1560\" data-end=\"1621\">\n<p class=\"\" data-start=\"1562\" data-end=\"1621\"><strong data-start=\"1562\" data-end=\"1601\">Dengeli beslenme ve \u00f6\u011f\u00fcn planlamas\u0131<\/strong> biliminin temelleri<\/p>\n<\/li>\n<li class=\"\" data-start=\"1622\" data-end=\"1680\">\n<p class=\"\" data-start=\"1624\" data-end=\"1680\"><strong data-start=\"1624\" data-end=\"1680\">Egzersizin mental ve fiziksel sa\u011fl\u0131k \u00fczerindeki rol\u00fc<\/strong><\/p>\n<\/li>\n<li class=\"\" data-start=\"1681\" data-end=\"1743\">\n<p class=\"\" data-start=\"1683\" data-end=\"1743\">Ger\u00e7ekten i\u015fe yarayan <strong data-start=\"1705\" data-end=\"1743\">kilo verme ve y\u00f6netim stratejileri<\/strong><\/p>\n<\/li>\n<li class=\"\" data-start=\"1744\" data-end=\"1788\">\n<p class=\"\" data-start=\"1746\" data-end=\"1788\">\u0130lham verecek <strong data-start=\"1760\" data-end=\"1788\">ger\u00e7ek ba\u015far\u0131 hikayeleri<\/strong><\/p>\n<\/li>\n<li class=\"\" data-start=\"1789\" data-end=\"1879\">\n<p class=\"\" data-start=\"1791\" data-end=\"1879\"><strong data-start=\"1791\" data-end=\"1879\">Sa\u011fl\u0131\u011f\u0131 s\u00fcrd\u00fcr\u00fclebilir ve keyifli bir \u015fekilde hayat\u0131n\u0131za nas\u0131l dahil edebilece\u011finizi<\/strong><\/p>\n<\/li>\n<\/ul>\n<p class=\"\" data-start=\"1881\" data-end=\"2086\">Bu kitap sadece bir rehber de\u011fil\u2014<strong data-start=\"1914\" data-end=\"1981\">daha sa\u011fl\u0131kl\u0131, daha mutlu bir siz i\u00e7in tam bir yol haritas\u0131d\u0131r.<\/strong> Enerjinizi art\u0131rmaya, fitness seviyenizi geli\u015ftirmeye ve her zamankinden daha iyi hissetmeye haz\u0131r olun!<\/p>\n<p class=\"\" data-start=\"2088\" data-end=\"2208\"><strong data-start=\"2088\" data-end=\"2208\">Bug\u00fcn d\u00f6n\u00fc\u015f\u00fcm\u00fcn\u00fcze ba\u015flay\u0131n\u2014&#8221;I\u015f\u0131lt\u0131l\u0131 Ya\u015fam&#8221; kitab\u0131n\u0131z\u0131 al\u0131n ve \u00f6m\u00fcr boyu sa\u011fl\u0131k ve zindelik yolunda ilk ad\u0131m\u0131 at\u0131n!<\/strong><\/p>","protected":false},"excerpt":{"rendered":"<p>Daha Sa\u011fl\u0131kl\u0131, Daha G\u00fc\u00e7l\u00fc ve Daha Enerjik Bir Hayat\u0131n S\u0131rlar\u0131n\u0131 Ke\u015ffedin! Sa\u011fl\u0131\u011f\u0131n\u0131z\u0131n kontrol\u00fcn\u00fc elinize almaya ve kal\u0131c\u0131 pozitif de\u011fi\u015fiklikler yapmaya haz\u0131r m\u0131s\u0131n\u0131z? [&hellip;]<\/p>\n","protected":false},"featured_media":311,"template":"","meta":[],"product_brand":[],"product_cat":[19],"product_tag":[],"class_list":{"0":"post-310","1":"product","2":"type-product","3":"status-publish","4":"has-post-thumbnail","6":"product_cat-genel","8":"first","9":"instock","10":"shipping-taxable","11":"product-type-external"},"_links":{"self":[{"href":"https:\/\/neyazar.com\/en_gb\/wp-json\/wp\/v2\/product\/310","targetHints":{"allow":["GET"]}}],"collection":[{"href":"https:\/\/neyazar.com\/en_gb\/wp-json\/wp\/v2\/product"}],"about":[{"href":"https:\/\/neyazar.com\/en_gb\/wp-json\/wp\/v2\/types\/product"}],"wp:featuredmedia":[{"embeddable":true,"href":"https:\/\/neyazar.com\/en_gb\/wp-json\/wp\/v2\/media\/311"}],"wp:attachment":[{"href":"https:\/\/neyazar.com\/en_gb\/wp-json\/wp\/v2\/media?parent=310"}],"wp:term":[{"taxonomy":"product_brand","embeddable":true,"href":"https:\/\/neyazar.com\/en_gb\/wp-json\/wp\/v2\/product_brand?post=310"},{"taxonomy":"product_cat","embeddable":true,"href":"https:\/\/neyazar.com\/en_gb\/wp-json\/wp\/v2\/product_cat?post=310"},{"taxonomy":"product_tag","embeddable":true,"href":"https:\/\/neyazar.com\/en_gb\/wp-json\/wp\/v2\/product_tag?post=310"}],"curies":[{"name":"wp","href":"https:\/\/api.w.org\/{rel}","templated":true}]}}