{"id":312,"date":"2025-03-22T15:53:48","date_gmt":"2025-03-22T12:53:48","guid":{"rendered":"https:\/\/neyazar.com\/?post_type=product&#038;p=312"},"modified":"2025-03-22T15:53:48","modified_gmt":"2025-03-22T12:53:48","slug":"the-art-of-leadership-and-human-relations-in-pursuit-of-success","status":"publish","type":"product","link":"https:\/\/neyazar.com\/en_gb\/product\/the-art-of-leadership-and-human-relations-in-pursuit-of-success\/","title":{"rendered":"The Art of Leadership and Human Relations: In Pursuit of Success"},"content":{"rendered":"<p class=\"\" data-start=\"43\" data-end=\"102\"><strong data-start=\"43\" data-end=\"102\">Liderlik Sanat\u0131n\u0131 \u00d6\u011frenin ve Anlaml\u0131 Ba\u011flant\u0131lar Kurun!<\/strong><\/p>\n<p class=\"\" data-start=\"104\" data-end=\"424\">B\u00fcy\u00fck liderlik sadece kararlar almakla ilgili de\u011fildir\u2014<strong data-start=\"159\" data-end=\"254\">ba\u015fkalar\u0131n\u0131 ilham vermek, etkili ileti\u015fim kurmak ve g\u00fc\u00e7l\u00fc ili\u015fkiler in\u015fa etmekle ilgilidir.<\/strong> Bu kitap, hem i\u015f hayat\u0131n\u0131zda hem de ki\u015fisel ya\u015fam\u0131n\u0131zda ba\u015far\u0131l\u0131 olman\u0131z i\u00e7in gerekli olan liderlik ve insan ili\u015fkileri becerilerini kazand\u0131racak kapsaml\u0131 bir rehberdir.<\/p>\n<h3 class=\"\" data-start=\"426\" data-end=\"449\"><strong data-start=\"430\" data-end=\"449\">Why This Book?<\/strong><\/h3>\n<p class=\"\" data-start=\"451\" data-end=\"718\"><strong data-start=\"451\" data-end=\"491\">G\u00fc\u00e7l\u00fc Liderlik Becerileri Geli\u015ftirin<\/strong> \u2013 <strong data-start=\"494\" data-end=\"605\">Karar verme yetene\u011finizi geli\u015ftirin, etkili ileti\u015fim kurun ve kendinize g\u00fcvenerek liderlik yapmay\u0131 \u00f6\u011frenin.<\/strong> Harika liderli\u011fin arkas\u0131ndaki psikolojiyi ve ba\u015fkalar\u0131n\u0131 <strong data-start=\"663\" data-end=\"709\">pozitif \u015fekilde nas\u0131l etkileyebilece\u011finizi<\/strong> anlay\u0131n.<\/p>\n<p class=\"\" data-start=\"720\" data-end=\"906\"><strong data-start=\"720\" data-end=\"750\">\u0130nsan \u0130li\u015fkilerini \u00d6\u011frenin<\/strong> \u2013 Ger\u00e7ek ba\u015far\u0131, g\u00fc\u00e7l\u00fc ili\u015fkiler \u00fczerine in\u015fa edilir. <strong data-start=\"805\" data-end=\"857\">Empati, aktif dinleme ve duygusal zek\u00e2n\u0131n g\u00fcc\u00fcn\u00fc<\/strong> ke\u015ffederek ba\u015fkalar\u0131yla daha derin ba\u011flar kurun.<\/p>\n<p class=\"\" data-start=\"908\" data-end=\"1123\"><strong data-start=\"908\" data-end=\"942\">\u0130\u015f D\u00fcnyas\u0131nda Gelece\u011fi Y\u00f6netin<\/strong> \u2013 \u0130\u015f d\u00fcnyas\u0131 s\u00fcrekli de\u011fi\u015fiyor. Bu kitap, <strong data-start=\"985\" data-end=\"1112\">modern liderlik stratejilerini, teknolojinin ileti\u015fimdeki rol\u00fcn\u00fc ve s\u00fcrekli de\u011fi\u015fen bir ortamda nas\u0131l liderlik yap\u0131laca\u011f\u0131n\u0131<\/strong> inceliyor.<\/p>\n<h3 class=\"\" data-start=\"1125\" data-end=\"1144\"><strong data-start=\"1129\" data-end=\"1144\">\u0130\u00e7indekiler<\/strong><\/h3>\n<p class=\"\" data-start=\"1146\" data-end=\"1218\"><strong data-start=\"1146\" data-end=\"1166\">Kendini Ke\u015ffetme<\/strong> \u2013 Liderlik tarz\u0131n\u0131z\u0131 ve g\u00fc\u00e7l\u00fc y\u00f6nlerinizi ke\u015ffedin.<\/p>\n<p class=\"\" data-start=\"1220\" data-end=\"1297\"><strong data-start=\"1220\" data-end=\"1241\">\u0130leti\u015fim Ustal\u0131\u011f\u0131<\/strong> \u2013 <strong data-start=\"1244\" data-end=\"1285\">\u0130kna, etki ve m\u00fczakere becerilerinizi<\/strong> geli\u015ftirin.<\/p>\n<p class=\"\" data-start=\"1299\" data-end=\"1372\"><strong data-start=\"1299\" data-end=\"1317\">Empatinin G\u00fcc\u00fc<\/strong> \u2013 Ba\u015fkalar\u0131n\u0131 anlay\u0131n ve <strong data-start=\"1343\" data-end=\"1372\">g\u00fcveni kolayca in\u015fa edin.<\/strong><\/p>\n<p class=\"\" data-start=\"1374\" data-end=\"1458\"><strong data-start=\"1374\" data-end=\"1400\">Dijital \u00c7a\u011fda Liderlik<\/strong> \u2013 Teknolojinin liderli\u011fi nas\u0131l \u015fekillendirdi\u011fini \u00f6\u011frenin.<\/p>\n<p class=\"\" data-start=\"1460\" data-end=\"1575\"><strong data-start=\"1460\" data-end=\"1496\">Ba\u015far\u0131 Hikayeleri ve Stratejiler<\/strong> \u2013 Ger\u00e7ek d\u00fcnya \u00f6rnekleriyle sizi ilhamland\u0131racak ve y\u00f6nlendirecek stratejiler.<\/p>\n<p class=\"\" data-start=\"1577\" data-end=\"1738\">\u0130ster bir lider aday\u0131, ister bir i\u015f profesyoneli, ister ki\u015fisel ili\u015fkilerini geli\u015ftirmek isteyen biri olun, <strong data-start=\"1685\" data-end=\"1738\">bu kitap size ba\u015far\u0131 yolunda rehberlik edecektir.<\/strong><\/p>\n<p class=\"\" data-start=\"1740\" data-end=\"1803\"><strong data-start=\"1740\" data-end=\"1803\">Bug\u00fcn yolculu\u011funuza ba\u015flay\u0131n ve olman\u0131z gereken lider olun!<\/strong><\/p>","protected":false},"excerpt":{"rendered":"<p>Liderlik Sanat\u0131n\u0131 \u00d6\u011frenin ve Anlaml\u0131 Ba\u011flant\u0131lar Kurun! B\u00fcy\u00fck liderlik sadece kararlar almakla ilgili de\u011fildir\u2014ba\u015fkalar\u0131n\u0131 ilham vermek, etkili ileti\u015fim kurmak ve g\u00fc\u00e7l\u00fc ili\u015fkiler [&hellip;]<\/p>\n","protected":false},"featured_media":313,"template":"","meta":[],"product_brand":[],"product_cat":[19],"product_tag":[],"class_list":{"0":"post-312","1":"product","2":"type-product","3":"status-publish","4":"has-post-thumbnail","6":"product_cat-genel","8":"first","9":"instock","10":"shipping-taxable","11":"product-type-external"},"_links":{"self":[{"href":"https:\/\/neyazar.com\/en_gb\/wp-json\/wp\/v2\/product\/312","targetHints":{"allow":["GET"]}}],"collection":[{"href":"https:\/\/neyazar.com\/en_gb\/wp-json\/wp\/v2\/product"}],"about":[{"href":"https:\/\/neyazar.com\/en_gb\/wp-json\/wp\/v2\/types\/product"}],"wp:featuredmedia":[{"embeddable":true,"href":"https:\/\/neyazar.com\/en_gb\/wp-json\/wp\/v2\/media\/313"}],"wp:attachment":[{"href":"https:\/\/neyazar.com\/en_gb\/wp-json\/wp\/v2\/media?parent=312"}],"wp:term":[{"taxonomy":"product_brand","embeddable":true,"href":"https:\/\/neyazar.com\/en_gb\/wp-json\/wp\/v2\/product_brand?post=312"},{"taxonomy":"product_cat","embeddable":true,"href":"https:\/\/neyazar.com\/en_gb\/wp-json\/wp\/v2\/product_cat?post=312"},{"taxonomy":"product_tag","embeddable":true,"href":"https:\/\/neyazar.com\/en_gb\/wp-json\/wp\/v2\/product_tag?post=312"}],"curies":[{"name":"wp","href":"https:\/\/api.w.org\/{rel}","templated":true}]}}