{"id":314,"date":"2025-03-22T15:55:19","date_gmt":"2025-03-22T12:55:19","guid":{"rendered":"https:\/\/neyazar.com\/?post_type=product&#038;p=314"},"modified":"2025-04-14T01:50:54","modified_gmt":"2025-04-13T22:50:54","slug":"fake-happiness-trap","status":"publish","type":"product","link":"https:\/\/neyazar.com\/en_gb\/product\/fake-happiness-trap\/","title":{"rendered":"Fake Happiness Trap"},"content":{"rendered":"<h3 class=\"\" data-start=\"43\" data-end=\"92\"><strong data-start=\"47\" data-end=\"92\">Ger\u00e7ek Mutlulu\u011fun \u0130ll\u00fczyonundan Kurtulun!<\/strong><\/h3>\n<p class=\"\" data-start=\"94\" data-end=\"597\">Modern d\u00fcnyam\u0131zda, mutlulu\u011fun nas\u0131l olmas\u0131 gerekti\u011fi s\u00fcrekli olarak bize anlat\u0131l\u0131yor. Sosyal medyadan toplumsal beklentilere kadar, m\u00fckemmel olmas\u0131 gereken bir ya\u015fam\u0131n resmi bize sunuluyor\u2014ancak bir \u015fekilde, hi\u00e7 de do\u011fru hissettirmiyor. Hi\u00e7 d\u00fc\u015f\u00fcnd\u00fcn\u00fcz m\u00fc, hissetti\u011finiz mutluluk ger\u00e7ekten sizin mi, yoksa sadece <strong data-start=\"406\" data-end=\"445\">ustaca olu\u015fturulmu\u015f bir ill\u00fczyon mu<\/strong>? <strong data-start=\"447\" data-end=\"474\">&#8220;Sahte Mutluluk Tuza\u011f\u0131&#8221;<\/strong>, <strong data-start=\"476\" data-end=\"493\">ger\u00e7ek sevin\u00e7<\/strong> ile sizi tatmin edemeyen <strong data-start=\"519\" data-end=\"537\">sahte mutluluk<\/strong> aras\u0131ndaki fark\u0131 anlaman\u0131z\u0131 sa\u011flayacak temel rehberinizdir.<\/p>\n<h3 class=\"\" data-start=\"599\" data-end=\"640\"><strong data-start=\"603\" data-end=\"640\">Bu Kitapta Neler Ke\u015ffedeceksiniz?<\/strong><\/h3>\n<p class=\"\" data-start=\"642\" data-end=\"667\"><strong data-start=\"642\" data-end=\"667\">S\u0131n\u0131rlar\u0131n\u0131z\u0131 Zorlama<\/strong><\/p>\n<p class=\"\" data-start=\"669\" data-end=\"1102\">Bu kitap, ki\u015fisel s\u0131n\u0131rlar\u0131n\u0131z\u0131, toplumsal beklentileri ve hayat\u0131n\u0131z\u0131n etraf\u0131na \u00f6r\u00fclen g\u00f6r\u00fcnmeyen duvarlar\u0131 yeniden g\u00f6zden ge\u00e7irmenizi sa\u011flar. Bu s\u0131n\u0131rlar ger\u00e7ekten sizi koruyor mu, yoksa tam potansiyelinize ula\u015fman\u0131z\u0131 m\u0131 engelliyor? <strong data-start=\"903\" data-end=\"941\">Aile, e\u011fitim ve sosyal sistemlerin<\/strong> rollerini ke\u015ffederek, bu d\u0131\u015fsal g\u00fc\u00e7lerin mutluluk hakk\u0131ndaki inan\u00e7lar\u0131n\u0131za nas\u0131l \u015fekil verdi\u011fini g\u00f6receksiniz ve bunlardan nas\u0131l kurtulaca\u011f\u0131n\u0131z\u0131 \u00f6\u011freneceksiniz.<\/p>\n<p class=\"\" data-start=\"1104\" data-end=\"1155\"><strong data-start=\"1104\" data-end=\"1155\">Psikolojik \u0130\u00e7g\u00f6r\u00fcler ve D\u00f6n\u00fc\u015ft\u00fcr\u00fcc\u00fc Stratejiler<\/strong><\/p>\n<p class=\"\" data-start=\"1157\" data-end=\"1404\"><strong data-start=\"1157\" data-end=\"1184\">&#8220;Sahte Mutluluk Tuza\u011f\u0131&#8221;<\/strong> size g\u00fc\u00e7l\u00fc bir kombinasyon sunar: <strong data-start=\"1219\" data-end=\"1243\">psikolojik i\u00e7g\u00f6r\u00fcler<\/strong>, <strong data-start=\"1245\" data-end=\"1276\">\u00f6z fark\u0131ndal\u0131k egzersizleri<\/strong> ve <strong data-start=\"1280\" data-end=\"1308\">motivasyonel stratejiler<\/strong> ile hayat\u0131n\u0131z\u0131 sahte tatminlerden geri alman\u0131za yard\u0131mc\u0131 olur. Bu kitapta \u00f6\u011freneceksiniz nas\u0131l:<\/p>\n<p class=\"\" data-start=\"1406\" data-end=\"1453\">\u2714 <strong data-start=\"1408\" data-end=\"1453\">Ger\u00e7ek ve yapay mutlulu\u011fu ay\u0131rt edersiniz<\/strong><\/p>\n<p class=\"\" data-start=\"1455\" data-end=\"1565\">Neyin ger\u00e7ek bir sevin\u00e7, neyin sadece toplumsal bask\u0131ya bir tepki oldu\u011funu ay\u0131rt etme yetene\u011fi kazanacaks\u0131n\u0131z.<\/p>\n<p class=\"\" data-start=\"1567\" data-end=\"1625\">\u2714 <strong data-start=\"1569\" data-end=\"1625\">Cesaret ve \u00f6z fark\u0131ndal\u0131\u011f\u0131n g\u00fcc\u00fcnden faydalan\u0131rs\u0131n\u0131z<\/strong><\/p>\n<p class=\"\" data-start=\"1627\" data-end=\"1743\">Bu kitap, ger\u00e7ek benli\u011finizi kabul etmeyi, daha diren\u00e7li ve \u00f6zg\u00fcn bir \u015fekilde ya\u015famay\u0131 nas\u0131l ba\u015faraca\u011f\u0131n\u0131z\u0131 \u00f6\u011fretir.<\/p>\n<p class=\"\" data-start=\"1745\" data-end=\"1815\">\u2714 <strong data-start=\"1747\" data-end=\"1815\">Anlaml\u0131 ili\u015fkiler kurar ve zihinsel direncinizi g\u00fc\u00e7lendirirsiniz<\/strong><\/p>\n<p class=\"\" data-start=\"1817\" data-end=\"1964\">Ba\u015fkalar\u0131yla daha derin, d\u00fcr\u00fcst ba\u011flant\u0131lar kurman\u0131n s\u0131rlar\u0131n\u0131 ke\u015ffederek g\u00fc\u00e7l\u00fc bir destek sistemi olu\u015fturacak ve duygusal g\u00fcc\u00fcn\u00fcz\u00fc art\u0131racaks\u0131n\u0131z.<\/p>\n<p class=\"\" data-start=\"1966\" data-end=\"2002\">\u2714 <strong data-start=\"1968\" data-end=\"2002\">Gizli potansiyelinizi ke\u015ffedin<\/strong><\/p>\n<p class=\"\" data-start=\"2004\" data-end=\"2148\">Yarat\u0131c\u0131l\u0131\u011f\u0131n\u0131z\u0131 ve h\u0131rs\u0131n\u0131z\u0131 kullanarak, ger\u00e7ek arzular\u0131n\u0131za g\u00f6re \u015fekillenen bir ya\u015famla gelen yeni bir tatmin seviyesini a\u00e7\u0131\u011fa \u00e7\u0131karacaks\u0131n\u0131z.<\/p>\n<h3 class=\"\" data-start=\"2150\" data-end=\"2197\"><strong data-start=\"2154\" data-end=\"2197\">&#8220;Sahte Mutluluk Tuza\u011f\u0131&#8221; Neden Okunmal\u0131?<\/strong><\/h3>\n<p class=\"\" data-start=\"2199\" data-end=\"2523\">Kitab\u0131n her b\u00f6l\u00fcm\u00fc, bir <strong data-start=\"2223\" data-end=\"2247\">d\u00f6n\u00fc\u015ft\u00fcrme yolculu\u011fu<\/strong> olacak \u015fekilde tasarlanm\u0131\u015ft\u0131r. Zihin a\u00e7\u0131c\u0131 sorular ve uygulanabilir derslerle, mutlulu\u011funuzu sabotaj eden ill\u00fczyonlar\u0131 ad\u0131m ad\u0131m kar\u015f\u0131laman\u0131z i\u00e7in rehberlik edecektir. <strong data-start=\"2416\" data-end=\"2433\">Maskeyi k\u0131r\u0131p<\/strong> ger\u00e7ek, kal\u0131c\u0131 mutlulu\u011fun ne oldu\u011funu ke\u015ffetmeye haz\u0131rsan\u0131z, i\u015fte bu sizin yol haritan\u0131z.<\/p>\n<p class=\"\" data-start=\"2525\" data-end=\"2671\"><strong data-start=\"2525\" data-end=\"2590\">Ger\u00e7ek mutlulu\u011fa giden yolculu\u011funuza ba\u015flamaya haz\u0131r m\u0131s\u0131n\u0131z?<\/strong> \u0130lk ad\u0131m\u0131n\u0131z\u0131 \u015fimdi at\u0131n ve <strong data-start=\"2619\" data-end=\"2659\">bu sayfalarda sizi bekleyen maceray\u0131<\/strong> kucaklay\u0131n!<\/p>","protected":false},"excerpt":{"rendered":"<p>Ger\u00e7ek Mutlulu\u011fun \u0130ll\u00fczyonundan Kurtulun! Modern d\u00fcnyam\u0131zda, mutlulu\u011fun nas\u0131l olmas\u0131 gerekti\u011fi s\u00fcrekli olarak bize anlat\u0131l\u0131yor. Sosyal medyadan toplumsal beklentilere kadar, m\u00fckemmel olmas\u0131 gereken [&hellip;]<\/p>\n","protected":false},"featured_media":172,"template":"","meta":[],"product_brand":[],"product_cat":[19],"product_tag":[],"class_list":{"0":"post-314","1":"product","2":"type-product","3":"status-publish","4":"has-post-thumbnail","6":"product_cat-genel","8":"first","9":"instock","10":"shipping-taxable","11":"product-type-external"},"_links":{"self":[{"href":"https:\/\/neyazar.com\/en_gb\/wp-json\/wp\/v2\/product\/314","targetHints":{"allow":["GET"]}}],"collection":[{"href":"https:\/\/neyazar.com\/en_gb\/wp-json\/wp\/v2\/product"}],"about":[{"href":"https:\/\/neyazar.com\/en_gb\/wp-json\/wp\/v2\/types\/product"}],"wp:featuredmedia":[{"embeddable":true,"href":"https:\/\/neyazar.com\/en_gb\/wp-json\/wp\/v2\/media\/172"}],"wp:attachment":[{"href":"https:\/\/neyazar.com\/en_gb\/wp-json\/wp\/v2\/media?parent=314"}],"wp:term":[{"taxonomy":"product_brand","embeddable":true,"href":"https:\/\/neyazar.com\/en_gb\/wp-json\/wp\/v2\/product_brand?post=314"},{"taxonomy":"product_cat","embeddable":true,"href":"https:\/\/neyazar.com\/en_gb\/wp-json\/wp\/v2\/product_cat?post=314"},{"taxonomy":"product_tag","embeddable":true,"href":"https:\/\/neyazar.com\/en_gb\/wp-json\/wp\/v2\/product_tag?post=314"}],"curies":[{"name":"wp","href":"https:\/\/api.w.org\/{rel}","templated":true}]}}